{"id":990632,"date":"2020-05-02T14:32:02","date_gmt":"2020-05-02T14:32:02","guid":{"rendered":"https:\/\/www.cabritawines.com\/news\/"},"modified":"2023-05-15T15:16:39","modified_gmt":"2023-05-15T15:16:39","slug":"noticias","status":"publish","type":"page","link":"https:\/\/www.cabritawines.com\/pt-pt\/noticias\/","title":{"rendered":"Not\u00edcias"},"content":{"rendered":"\t\t<div data-elementor-type=\"wp-page\" data-elementor-id=\"990632\" class=\"elementor elementor-990632 elementor-2887\">\n\t\t\t\t\t\t\t\t\t<section class=\"elementor-section elementor-top-section elementor-element elementor-element-4a7a3e0 elementor-section-height-min-height elementor-section-content-bottom elementor-section-boxed elementor-section-height-default elementor-section-items-middle\" data-id=\"4a7a3e0\" data-element_type=\"section\">\n\t\t\t\t\t\t<div class=\"elementor-container elementor-column-gap-default\">\n\t\t\t\t\t<div class=\"elementor-column elementor-col-100 elementor-top-column elementor-element elementor-element-b68b083\" data-id=\"b68b083\" data-element_type=\"column\">\n\t\t\t<div class=\"elementor-widget-wrap\">\n\t\t\t\t\t\t\t\t\t<\/div>\n\t\t<\/div>\n\t\t\t\t\t\t\t<\/div>\n\t\t<\/section>\n\t\t\t\t<section class=\"elementor-section elementor-top-section elementor-element elementor-element-913b5ed elementor-section-height-min-height elementor-section-boxed elementor-section-height-default elementor-section-items-middle\" data-id=\"913b5ed\" data-element_type=\"section\">\n\t\t\t\t\t\t<div class=\"elementor-container elementor-column-gap-default\">\n\t\t\t\t\t<div class=\"elementor-column elementor-col-100 elementor-top-column elementor-element elementor-element-d53d345\" data-id=\"d53d345\" data-element_type=\"column\">\n\t\t\t<div class=\"elementor-widget-wrap elementor-element-populated\">\n\t\t\t\t\t\t\t\t<div class=\"elementor-element elementor-element-ed73822 elementor-widget elementor-widget-heading\" data-id=\"ed73822\" data-element_type=\"widget\" data-widget_type=\"heading.default\">\n\t\t\t\t<div class=\"elementor-widget-container\">\n\t\t\t<h1 class=\"elementor-heading-title elementor-size-default\">Not\u00edcias<\/h1>\t\t<\/div>\n\t\t\t\t<\/div>\n\t\t\t\t<div class=\"elementor-element elementor-element-bff1412 elementor-widget elementor-widget-text-editor\" data-id=\"bff1412\" data-element_type=\"widget\" data-widget_type=\"text-editor.default\">\n\t\t\t\t<div class=\"elementor-widget-container\">\n\t\t\t\t\t\t\t<h5>Fique a par de todas as novidades sobre a Cabrita Wines, novos vinhos, eventos, visitas \u00e0 nossa vinha, e muito mais sobre o mundo vitivin\u00edcola do Algarve.<\/h5>\t\t\t\t\t\t<\/div>\n\t\t\t\t<\/div>\n\t\t\t\t\t<\/div>\n\t\t<\/div>\n\t\t\t\t\t\t\t<\/div>\n\t\t<\/section>\n\t\t\t\t<section class=\"elementor-section elementor-top-section elementor-element elementor-element-6436358 elementor-section-boxed elementor-section-height-default elementor-section-height-default\" data-id=\"6436358\" data-element_type=\"section\">\n\t\t\t\t\t\t<div class=\"elementor-container elementor-column-gap-default\">\n\t\t\t\t\t<div class=\"elementor-column elementor-col-100 elementor-top-column elementor-element elementor-element-2e3ea40\" data-id=\"2e3ea40\" data-element_type=\"column\">\n\t\t\t<div class=\"elementor-widget-wrap elementor-element-populated\">\n\t\t\t\t\t\t\t\t<div class=\"elementor-element elementor-element-55c2dcf elementor-posts--align-left elementor-grid-3 elementor-grid-tablet-2 elementor-grid-mobile-1 elementor-posts--thumbnail-top elementor-invisible elementor-widget elementor-widget-posts\" data-id=\"55c2dcf\" data-element_type=\"widget\" data-settings=\"{&quot;classic_row_gap&quot;:{&quot;unit&quot;:&quot;px&quot;,&quot;size&quot;:30,&quot;sizes&quot;:[]},&quot;_animation&quot;:&quot;fadeIn&quot;,&quot;pagination_type&quot;:&quot;numbers_and_prev_next&quot;,&quot;classic_columns&quot;:&quot;3&quot;,&quot;classic_columns_tablet&quot;:&quot;2&quot;,&quot;classic_columns_mobile&quot;:&quot;1&quot;,&quot;classic_row_gap_tablet&quot;:{&quot;unit&quot;:&quot;px&quot;,&quot;size&quot;:&quot;&quot;,&quot;sizes&quot;:[]},&quot;classic_row_gap_mobile&quot;:{&quot;unit&quot;:&quot;px&quot;,&quot;size&quot;:&quot;&quot;,&quot;sizes&quot;:[]}}\" data-widget_type=\"posts.classic\">\n\t\t\t\t<div class=\"elementor-widget-container\">\n\t\t\t\t\t<div class=\"elementor-posts-container elementor-posts elementor-posts--skin-classic elementor-grid\">\n\t\t\t\t<article class=\"elementor-post elementor-grid-item post-991413 post type-post status-publish format-standard has-post-thumbnail hentry category-latest-news-pt-pt\">\n\t\t\t\t<a class=\"elementor-post__thumbnail__link\" href=\"https:\/\/www.cabritawines.com\/pt-pt\/os-copos-desempenham-um-papel-fundamental-na-experiencia-de-prova\/\" >\n\t\t\t<div class=\"elementor-post__thumbnail\"><img loading=\"lazy\" decoding=\"async\" width=\"768\" height=\"513\" src=\"https:\/\/www.cabritawines.com\/cms\/wp-content\/uploads\/2024\/03\/Cabrita_9-768x513.jpg\" class=\"attachment-medium_large size-medium_large wp-image-991409\" alt=\"\" srcset=\"https:\/\/www.cabritawines.com\/cms\/wp-content\/uploads\/2024\/03\/Cabrita_9-768x513.jpg 768w, https:\/\/www.cabritawines.com\/cms\/wp-content\/uploads\/2024\/03\/Cabrita_9-300x200.jpg 300w, https:\/\/www.cabritawines.com\/cms\/wp-content\/uploads\/2024\/03\/Cabrita_9-1024x683.jpg 1024w, https:\/\/www.cabritawines.com\/cms\/wp-content\/uploads\/2024\/03\/Cabrita_9-1536x1025.jpg 1536w, https:\/\/www.cabritawines.com\/cms\/wp-content\/uploads\/2024\/03\/Cabrita_9-2048x1367.jpg 2048w, https:\/\/www.cabritawines.com\/cms\/wp-content\/uploads\/2024\/03\/Cabrita_9-630x420.jpg 630w, https:\/\/www.cabritawines.com\/cms\/wp-content\/uploads\/2024\/03\/Cabrita_9-1260x841.jpg 1260w, https:\/\/www.cabritawines.com\/cms\/wp-content\/uploads\/2024\/03\/Cabrita_9-315x210.jpg 315w\" sizes=\"auto, (max-width: 768px) 100vw, 768px\" \/><\/div>\n\t\t<\/a>\n\t\t\t\t<div class=\"elementor-post__text\">\n\t\t\t\t<h3 class=\"elementor-post__title\">\n\t\t\t<a href=\"https:\/\/www.cabritawines.com\/pt-pt\/os-copos-desempenham-um-papel-fundamental-na-experiencia-de-prova\/\" >\n\t\t\t\tOs copos desempenham um papel fundamental na experi\u00eancia de prova.\t\t\t<\/a>\n\t\t<\/h3>\n\t\t\t\t<div class=\"elementor-post__excerpt\">\n\t\t\t<p>O fascinante universo do vinho ganha vida de uma forma \u00fanica com o lan\u00e7amento do Clube Cabrita Wines. Este clube cuidadosamente criado oferece aos seus membros uma jornada trimestral que vai al\u00e9m do simples acto de provar um vinho, proporcionando uma experi\u00eancia completa e enriquecedora.<\/p>\n\t\t<\/div>\n\t\t\t\t<\/div>\n\t\t\t\t<\/article>\n\t\t\t\t<article class=\"elementor-post elementor-grid-item post-991348 post type-post status-publish format-standard has-post-thumbnail hentry category-latest-news-pt-pt\">\n\t\t\t\t<a class=\"elementor-post__thumbnail__link\" href=\"https:\/\/www.cabritawines.com\/pt-pt\/torne-se-um-enologo-2\/\" >\n\t\t\t<div class=\"elementor-post__thumbnail\"><img loading=\"lazy\" decoding=\"async\" width=\"768\" height=\"512\" src=\"https:\/\/www.cabritawines.com\/cms\/wp-content\/uploads\/2024\/02\/IMG_2629-768x512.jpg\" class=\"attachment-medium_large size-medium_large wp-image-991353\" alt=\"\" srcset=\"https:\/\/www.cabritawines.com\/cms\/wp-content\/uploads\/2024\/02\/IMG_2629-768x512.jpg 768w, https:\/\/www.cabritawines.com\/cms\/wp-content\/uploads\/2024\/02\/IMG_2629-300x200.jpg 300w, https:\/\/www.cabritawines.com\/cms\/wp-content\/uploads\/2024\/02\/IMG_2629-1024x683.jpg 1024w, https:\/\/www.cabritawines.com\/cms\/wp-content\/uploads\/2024\/02\/IMG_2629-1536x1024.jpg 1536w, https:\/\/www.cabritawines.com\/cms\/wp-content\/uploads\/2024\/02\/IMG_2629-2048x1365.jpg 2048w, https:\/\/www.cabritawines.com\/cms\/wp-content\/uploads\/2024\/02\/IMG_2629-630x420.jpg 630w, https:\/\/www.cabritawines.com\/cms\/wp-content\/uploads\/2024\/02\/IMG_2629-1260x840.jpg 1260w, https:\/\/www.cabritawines.com\/cms\/wp-content\/uploads\/2024\/02\/IMG_2629-315x210.jpg 315w\" sizes=\"auto, (max-width: 768px) 100vw, 768px\" \/><\/div>\n\t\t<\/a>\n\t\t\t\t<div class=\"elementor-post__text\">\n\t\t\t\t<h3 class=\"elementor-post__title\">\n\t\t\t<a href=\"https:\/\/www.cabritawines.com\/pt-pt\/torne-se-um-enologo-2\/\" >\n\t\t\t\tExplorando o mundo do vinho com o Clube Cabrita Wines. Uma Experi\u00eancia Exclusiva!\t\t\t<\/a>\n\t\t<\/h3>\n\t\t\t\t<div class=\"elementor-post__excerpt\">\n\t\t\t<p>O fascinante universo do vinho ganha vida de uma forma \u00fanica com o lan\u00e7amento do Clube Cabrita Wines. Este clube cuidadosamente criado oferece aos seus membros uma jornada trimestral que vai al\u00e9m do simples acto de provar um vinho, proporcionando uma experi\u00eancia completa e enriquecedora.<\/p>\n\t\t<\/div>\n\t\t\t\t<\/div>\n\t\t\t\t<\/article>\n\t\t\t\t<article class=\"elementor-post elementor-grid-item post-990662 post type-post status-publish format-standard has-post-thumbnail hentry category-wine-recommendations\">\n\t\t\t\t<a class=\"elementor-post__thumbnail__link\" href=\"https:\/\/www.cabritawines.com\/pt-pt\/torne-se-um-enologo\/\" >\n\t\t\t<div class=\"elementor-post__thumbnail\"><img loading=\"lazy\" decoding=\"async\" width=\"768\" height=\"512\" src=\"https:\/\/www.cabritawines.com\/cms\/wp-content\/uploads\/2023\/03\/39-Cabrita-Harvest-Experience-2022-www.andymacphotography.com_-768x512.jpg\" class=\"attachment-medium_large size-medium_large wp-image-990571\" alt=\"\" srcset=\"https:\/\/www.cabritawines.com\/cms\/wp-content\/uploads\/2023\/03\/39-Cabrita-Harvest-Experience-2022-www.andymacphotography.com_-768x512.jpg 768w, https:\/\/www.cabritawines.com\/cms\/wp-content\/uploads\/2023\/03\/39-Cabrita-Harvest-Experience-2022-www.andymacphotography.com_-300x200.jpg 300w, https:\/\/www.cabritawines.com\/cms\/wp-content\/uploads\/2023\/03\/39-Cabrita-Harvest-Experience-2022-www.andymacphotography.com_-1024x683.jpg 1024w, https:\/\/www.cabritawines.com\/cms\/wp-content\/uploads\/2023\/03\/39-Cabrita-Harvest-Experience-2022-www.andymacphotography.com_-1536x1025.jpg 1536w, https:\/\/www.cabritawines.com\/cms\/wp-content\/uploads\/2023\/03\/39-Cabrita-Harvest-Experience-2022-www.andymacphotography.com_-630x420.jpg 630w, https:\/\/www.cabritawines.com\/cms\/wp-content\/uploads\/2023\/03\/39-Cabrita-Harvest-Experience-2022-www.andymacphotography.com_-1260x840.jpg 1260w, https:\/\/www.cabritawines.com\/cms\/wp-content\/uploads\/2023\/03\/39-Cabrita-Harvest-Experience-2022-www.andymacphotography.com_-315x210.jpg 315w, https:\/\/www.cabritawines.com\/cms\/wp-content\/uploads\/2023\/03\/39-Cabrita-Harvest-Experience-2022-www.andymacphotography.com_.jpg 2000w\" sizes=\"auto, (max-width: 768px) 100vw, 768px\" \/><\/div>\n\t\t<\/a>\n\t\t\t\t<div class=\"elementor-post__text\">\n\t\t\t\t<h3 class=\"elementor-post__title\">\n\t\t\t<a href=\"https:\/\/www.cabritawines.com\/pt-pt\/torne-se-um-enologo\/\" >\n\t\t\t\tTorne-se um en\u00f3logo!\t\t\t<\/a>\n\t\t<\/h3>\n\t\t\t\t<div class=\"elementor-post__excerpt\">\n\t\t\t<p>J\u00e1 pensou no processo de produ\u00e7\u00e3o de vinho? Est\u00e1 interessado em conhecer o mundo fascinante da vinifica\u00e7\u00e3o? Se sim, est\u00e1 na altura de se tornar um en\u00f3logo.<\/p>\n\t\t<\/div>\n\t\t\t\t<\/div>\n\t\t\t\t<\/article>\n\t\t\t\t<article class=\"elementor-post elementor-grid-item post-990663 post type-post status-publish format-standard has-post-thumbnail hentry category-latest-news-pt-pt\">\n\t\t\t\t<a class=\"elementor-post__thumbnail__link\" href=\"https:\/\/www.cabritawines.com\/pt-pt\/wine-club-criado-para-a-comunidade-cabrita-wines\/\" >\n\t\t\t<div class=\"elementor-post__thumbnail\"><img loading=\"lazy\" decoding=\"async\" width=\"768\" height=\"512\" src=\"https:\/\/www.cabritawines.com\/cms\/wp-content\/uploads\/2023\/03\/181-Cabrita-Harvest-Experience-2022-www.andymacphotography.com_-768x512.jpg\" class=\"attachment-medium_large size-medium_large wp-image-990572\" alt=\"\" srcset=\"https:\/\/www.cabritawines.com\/cms\/wp-content\/uploads\/2023\/03\/181-Cabrita-Harvest-Experience-2022-www.andymacphotography.com_-768x512.jpg 768w, https:\/\/www.cabritawines.com\/cms\/wp-content\/uploads\/2023\/03\/181-Cabrita-Harvest-Experience-2022-www.andymacphotography.com_-300x200.jpg 300w, https:\/\/www.cabritawines.com\/cms\/wp-content\/uploads\/2023\/03\/181-Cabrita-Harvest-Experience-2022-www.andymacphotography.com_-1024x683.jpg 1024w, https:\/\/www.cabritawines.com\/cms\/wp-content\/uploads\/2023\/03\/181-Cabrita-Harvest-Experience-2022-www.andymacphotography.com_-1536x1025.jpg 1536w, https:\/\/www.cabritawines.com\/cms\/wp-content\/uploads\/2023\/03\/181-Cabrita-Harvest-Experience-2022-www.andymacphotography.com_-630x420.jpg 630w, https:\/\/www.cabritawines.com\/cms\/wp-content\/uploads\/2023\/03\/181-Cabrita-Harvest-Experience-2022-www.andymacphotography.com_-1260x840.jpg 1260w, https:\/\/www.cabritawines.com\/cms\/wp-content\/uploads\/2023\/03\/181-Cabrita-Harvest-Experience-2022-www.andymacphotography.com_-315x210.jpg 315w, https:\/\/www.cabritawines.com\/cms\/wp-content\/uploads\/2023\/03\/181-Cabrita-Harvest-Experience-2022-www.andymacphotography.com_.jpg 2000w\" sizes=\"auto, (max-width: 768px) 100vw, 768px\" \/><\/div>\n\t\t<\/a>\n\t\t\t\t<div class=\"elementor-post__text\">\n\t\t\t\t<h3 class=\"elementor-post__title\">\n\t\t\t<a href=\"https:\/\/www.cabritawines.com\/pt-pt\/wine-club-criado-para-a-comunidade-cabrita-wines\/\" >\n\t\t\t\tWine Club criado para a comunidade Cabrita Wines\t\t\t<\/a>\n\t\t<\/h3>\n\t\t\t\t<div class=\"elementor-post__excerpt\">\n\t\t\t<p>Eventos inesquec\u00edveis, experi\u00eancias inovadoras, conversas entre amigos, gargalhadas, sorrisos&#8230; fazem parte deste sofisticado clube.<\/p>\n\t\t<\/div>\n\t\t\t\t<\/div>\n\t\t\t\t<\/article>\n\t\t\t\t<article class=\"elementor-post elementor-grid-item post-990664 post type-post status-publish format-standard has-post-thumbnail hentry category-wine-recommendations-pt-pt\">\n\t\t\t\t<a class=\"elementor-post__thumbnail__link\" href=\"https:\/\/www.cabritawines.com\/pt-pt\/a-tradicao-ainda-e-o-que-era\/\" >\n\t\t\t<div class=\"elementor-post__thumbnail\"><img loading=\"lazy\" decoding=\"async\" width=\"768\" height=\"512\" src=\"https:\/\/www.cabritawines.com\/cms\/wp-content\/uploads\/2023\/03\/17-Cabrita-Harvest-Experience-2022-www.andymacphotography.com_-768x512.jpg\" class=\"attachment-medium_large size-medium_large wp-image-990570\" alt=\"\" srcset=\"https:\/\/www.cabritawines.com\/cms\/wp-content\/uploads\/2023\/03\/17-Cabrita-Harvest-Experience-2022-www.andymacphotography.com_-768x512.jpg 768w, https:\/\/www.cabritawines.com\/cms\/wp-content\/uploads\/2023\/03\/17-Cabrita-Harvest-Experience-2022-www.andymacphotography.com_-300x200.jpg 300w, https:\/\/www.cabritawines.com\/cms\/wp-content\/uploads\/2023\/03\/17-Cabrita-Harvest-Experience-2022-www.andymacphotography.com_-1024x683.jpg 1024w, https:\/\/www.cabritawines.com\/cms\/wp-content\/uploads\/2023\/03\/17-Cabrita-Harvest-Experience-2022-www.andymacphotography.com_-1536x1025.jpg 1536w, https:\/\/www.cabritawines.com\/cms\/wp-content\/uploads\/2023\/03\/17-Cabrita-Harvest-Experience-2022-www.andymacphotography.com_-630x420.jpg 630w, https:\/\/www.cabritawines.com\/cms\/wp-content\/uploads\/2023\/03\/17-Cabrita-Harvest-Experience-2022-www.andymacphotography.com_-1260x840.jpg 1260w, https:\/\/www.cabritawines.com\/cms\/wp-content\/uploads\/2023\/03\/17-Cabrita-Harvest-Experience-2022-www.andymacphotography.com_-315x210.jpg 315w, https:\/\/www.cabritawines.com\/cms\/wp-content\/uploads\/2023\/03\/17-Cabrita-Harvest-Experience-2022-www.andymacphotography.com_.jpg 2000w\" sizes=\"auto, (max-width: 768px) 100vw, 768px\" \/><\/div>\n\t\t<\/a>\n\t\t\t\t<div class=\"elementor-post__text\">\n\t\t\t\t<h3 class=\"elementor-post__title\">\n\t\t\t<a href=\"https:\/\/www.cabritawines.com\/pt-pt\/a-tradicao-ainda-e-o-que-era\/\" >\n\t\t\t\tA tradi\u00e7\u00e3o ainda \u00e9 o que era\t\t\t<\/a>\n\t\t<\/h3>\n\t\t\t\t<div class=\"elementor-post__excerpt\">\n\t\t\t<p>O m\u00e9todo tradicional de vinifica\u00e7\u00e3o do espumante que utilizamos para o nosso Vinho Espumante Cabrita.<\/p>\n\t\t<\/div>\n\t\t\t\t<\/div>\n\t\t\t\t<\/article>\n\t\t\t\t<article class=\"elementor-post elementor-grid-item post-990665 post type-post status-publish format-standard has-post-thumbnail hentry category-wine-recommendations-pt-pt\">\n\t\t\t\t<a class=\"elementor-post__thumbnail__link\" href=\"https:\/\/www.cabritawines.com\/pt-pt\/negra-mole-o-simbolo-vitivinicola-do-algarve\/\" >\n\t\t\t<div class=\"elementor-post__thumbnail\"><img loading=\"lazy\" decoding=\"async\" width=\"768\" height=\"512\" src=\"https:\/\/www.cabritawines.com\/cms\/wp-content\/uploads\/2023\/03\/Negra-Mole-1-1-768x512.jpg\" class=\"attachment-medium_large size-medium_large wp-image-990598\" alt=\"\" srcset=\"https:\/\/www.cabritawines.com\/cms\/wp-content\/uploads\/2023\/03\/Negra-Mole-1-1-768x512.jpg 768w, https:\/\/www.cabritawines.com\/cms\/wp-content\/uploads\/2023\/03\/Negra-Mole-1-1-300x200.jpg 300w, https:\/\/www.cabritawines.com\/cms\/wp-content\/uploads\/2023\/03\/Negra-Mole-1-1-1024x683.jpg 1024w, https:\/\/www.cabritawines.com\/cms\/wp-content\/uploads\/2023\/03\/Negra-Mole-1-1-630x420.jpg 630w, https:\/\/www.cabritawines.com\/cms\/wp-content\/uploads\/2023\/03\/Negra-Mole-1-1-1260x840.jpg 1260w, https:\/\/www.cabritawines.com\/cms\/wp-content\/uploads\/2023\/03\/Negra-Mole-1-1-315x210.jpg 315w, https:\/\/www.cabritawines.com\/cms\/wp-content\/uploads\/2023\/03\/Negra-Mole-1-1.jpg 1500w\" sizes=\"auto, (max-width: 768px) 100vw, 768px\" \/><\/div>\n\t\t<\/a>\n\t\t\t\t<div class=\"elementor-post__text\">\n\t\t\t\t<h3 class=\"elementor-post__title\">\n\t\t\t<a href=\"https:\/\/www.cabritawines.com\/pt-pt\/negra-mole-o-simbolo-vitivinicola-do-algarve\/\" >\n\t\t\t\tNegra Mole, o s\u00edmbolo vitivin\u00edcola do Algarve\t\t\t<\/a>\n\t\t<\/h3>\n\t\t\t\t<div class=\"elementor-post__excerpt\">\n\t\t\t<p>Uma casta vers\u00e1til e com enormes potencialidades, que emparelha muito bem com a gastronomia local.<\/p>\n\t\t<\/div>\n\t\t\t\t<\/div>\n\t\t\t\t<\/article>\n\t\t\t\t<\/div>\n\t\t\n\t\t\t\t<div class=\"e-load-more-anchor\" data-page=\"1\" data-max-page=\"2\" data-next-page=\"https:\/\/www.cabritawines.com\/pt-pt\/wp-json\/wp\/v2\/pages\/990632\/page\/2\/\"><\/div>\n\t\t\t\t<nav class=\"elementor-pagination\" aria-label=\"Pagination\">\n\t\t\t<span class=\"page-numbers prev\">Anterior<\/span>\n<span aria-current=\"page\" class=\"page-numbers current\"><span class=\"elementor-screen-only\">Page<\/span>1<\/span>\n<a class=\"page-numbers\" href=\"https:\/\/www.cabritawines.com\/pt-pt\/wp-json\/wp\/v2\/pages\/990632\/page\/2\/\"><span class=\"elementor-screen-only\">Page<\/span>2<\/a>\n<a class=\"page-numbers next\" href=\"https:\/\/www.cabritawines.com\/pt-pt\/wp-json\/wp\/v2\/pages\/990632\/page\/2\/\">Pr\u00f3ximo<\/a>\t\t<\/nav>\n\t\t\t\t<\/div>\n\t\t\t\t<\/div>\n\t\t\t\t\t<\/div>\n\t\t<\/div>\n\t\t\t\t\t\t\t<\/div>\n\t\t<\/section>\n\t\t\t\t\t\t\t<\/div>\n\t\t","protected":false},"excerpt":{"rendered":"<p>Not\u00edcias Fique a par de todas as novidades sobre a Cabrita Wines, novos vinhos, eventos, visitas \u00e0 nossa vinha, e muito mais sobre o mundo vitivin\u00edcola do Algarve.<\/p>\n","protected":false},"author":1,"featured_media":0,"parent":0,"menu_order":0,"comment_status":"closed","ping_status":"closed","template":"","meta":{"footnotes":""},"class_list":["post-990632","page","type-page","status-publish","hentry"],"_links":{"self":[{"href":"https:\/\/www.cabritawines.com\/pt-pt\/wp-json\/wp\/v2\/pages\/990632","targetHints":{"allow":["GET"]}}],"collection":[{"href":"https:\/\/www.cabritawines.com\/pt-pt\/wp-json\/wp\/v2\/pages"}],"about":[{"href":"https:\/\/www.cabritawines.com\/pt-pt\/wp-json\/wp\/v2\/types\/page"}],"author":[{"embeddable":true,"href":"https:\/\/www.cabritawines.com\/pt-pt\/wp-json\/wp\/v2\/users\/1"}],"replies":[{"embeddable":true,"href":"https:\/\/www.cabritawines.com\/pt-pt\/wp-json\/wp\/v2\/comments?post=990632"}],"version-history":[{"count":12,"href":"https:\/\/www.cabritawines.com\/pt-pt\/wp-json\/wp\/v2\/pages\/990632\/revisions"}],"predecessor-version":[{"id":991089,"href":"https:\/\/www.cabritawines.com\/pt-pt\/wp-json\/wp\/v2\/pages\/990632\/revisions\/991089"}],"wp:attachment":[{"href":"https:\/\/www.cabritawines.com\/pt-pt\/wp-json\/wp\/v2\/media?parent=990632"}],"curies":[{"name":"wp","href":"https:\/\/api.w.org\/{rel}","templated":true}]}}