{"id":990608,"date":"2020-08-11T14:13:45","date_gmt":"2020-08-11T14:13:45","guid":{"rendered":"https:\/\/www.cabritawines.com\/product\/classic-red-wine\/"},"modified":"2023-05-15T16:19:50","modified_gmt":"2023-05-15T16:19:50","slug":"cabrita-tinto","status":"publish","type":"product","link":"https:\/\/www.cabritawines.com\/pt-pt\/produto\/cabrita-tinto\/","title":{"rendered":"Cabrita Tinto"},"content":{"rendered":"\t\t<div data-elementor-type=\"product-post\" data-elementor-id=\"990608\" class=\"elementor elementor-990608 elementor-6586\">\n\t\t\t\t\t\t\t\t\t<section class=\"elementor-section elementor-top-section elementor-element elementor-element-5fd8ee5a elementor-section-boxed elementor-section-height-default elementor-section-height-default\" data-id=\"5fd8ee5a\" data-element_type=\"section\">\n\t\t\t\t\t\t<div class=\"elementor-container elementor-column-gap-default\">\n\t\t\t\t\t<div class=\"elementor-column elementor-col-100 elementor-top-column elementor-element elementor-element-54a16466\" data-id=\"54a16466\" data-element_type=\"column\">\n\t\t\t<div class=\"elementor-widget-wrap elementor-element-populated\">\n\t\t\t\t\t\t\t\t<div class=\"elementor-element elementor-element-24ebcf78 elementor-widget elementor-widget-text-editor\" data-id=\"24ebcf78\" data-element_type=\"widget\" data-widget_type=\"text-editor.default\">\n\t\t\t\t<div class=\"elementor-widget-container\">\n\t\t\t\t\t\t\t<p>Poupe nos custos de envio solicitando at\u00e9 seis produtos de uma s\u00f3 vez. Para compras superiores a 24 garrafas, de qualquer um dos nossos vinhos, por favor contacte-nos atrav\u00e9s do email <a href=\"mailto:reservas@cabritawines.com\">reservas@cabritawines.com<\/a>.<\/p>\t\t\t\t\t\t<\/div>\n\t\t\t\t<\/div>\n\t\t\t\t\t<\/div>\n\t\t<\/div>\n\t\t\t\t\t\t\t<\/div>\n\t\t<\/section>\n\t\t\t\t<section class=\"elementor-section elementor-top-section elementor-element elementor-element-7917df70 elementor-section-boxed elementor-section-height-default elementor-section-height-default\" data-id=\"7917df70\" data-element_type=\"section\">\n\t\t\t\t\t\t<div class=\"elementor-container elementor-column-gap-default\">\n\t\t\t\t\t<div class=\"elementor-column elementor-col-100 elementor-top-column elementor-element elementor-element-3bb7e286\" data-id=\"3bb7e286\" data-element_type=\"column\">\n\t\t\t<div class=\"elementor-widget-wrap elementor-element-populated\">\n\t\t\t\t\t\t\t\t<div class=\"elementor-element elementor-element-aa036d3 elementor-widget-divider--view-line elementor-widget elementor-widget-divider\" data-id=\"aa036d3\" data-element_type=\"widget\" data-widget_type=\"divider.default\">\n\t\t\t\t<div class=\"elementor-widget-container\">\n\t\t\t\t\t<div class=\"elementor-divider\">\n\t\t\t<span class=\"elementor-divider-separator\">\n\t\t\t\t\t\t<\/span>\n\t\t<\/div>\n\t\t\t\t<\/div>\n\t\t\t\t<\/div>\n\t\t\t\t\t<\/div>\n\t\t<\/div>\n\t\t\t\t\t\t\t<\/div>\n\t\t<\/section>\n\t\t\t\t<section class=\"elementor-section elementor-top-section elementor-element elementor-element-d267e45 elementor-section-boxed elementor-section-height-default elementor-section-height-default\" data-id=\"d267e45\" data-element_type=\"section\">\n\t\t\t\t\t\t<div class=\"elementor-container elementor-column-gap-default\">\n\t\t\t\t\t<div class=\"elementor-column elementor-col-33 elementor-top-column elementor-element elementor-element-923e1ed\" data-id=\"923e1ed\" data-element_type=\"column\">\n\t\t\t<div class=\"elementor-widget-wrap elementor-element-populated\">\n\t\t\t\t\t\t\t\t<div class=\"elementor-element elementor-element-a131b6e elementor-widget elementor-widget-image\" data-id=\"a131b6e\" data-element_type=\"widget\" data-widget_type=\"image.default\">\n\t\t\t\t<div class=\"elementor-widget-container\">\n\t\t\t\t\t\t\t<div class=\"elementor-image\">\n\t\t\t\t\t\t\t\t\t\t\t\t\t\t\t\t\t\t\t\t\t<img decoding=\"async\" src=\"https:\/\/www.cabritawines.com\/cms\/wp-content\/uploads\/elementor\/thumbs\/Castas-Icon-q4blx5590wyuitvsfwqnk82uy5ultd3e3on6mv0btk.png\" title=\"Castas Icon\" alt=\"Castas Icon\" loading=\"lazy\" \/>\t\t\t\t\t\t\t\t\t\t\t\t\t\t\t\t\t\t\t\t\t\t\t\t<\/div>\n\t\t\t\t\t\t<\/div>\n\t\t\t\t<\/div>\n\t\t\t\t<div class=\"elementor-element elementor-element-61e460c elementor-widget elementor-widget-text-editor\" data-id=\"61e460c\" data-element_type=\"widget\" data-widget_type=\"text-editor.default\">\n\t\t\t\t<div class=\"elementor-widget-container\">\n\t\t\t\t\t\t\t<p><strong>Castas<\/strong><br \/>Touriga Nacional, Aragonez e Trincadeira<\/p>\t\t\t\t\t\t<\/div>\n\t\t\t\t<\/div>\n\t\t\t\t\t<\/div>\n\t\t<\/div>\n\t\t\t\t<div class=\"elementor-column elementor-col-33 elementor-top-column elementor-element elementor-element-8b53d7a\" data-id=\"8b53d7a\" data-element_type=\"column\">\n\t\t\t<div class=\"elementor-widget-wrap elementor-element-populated\">\n\t\t\t\t\t\t\t\t<div class=\"elementor-element elementor-element-b6cb3bb elementor-widget elementor-widget-image\" data-id=\"b6cb3bb\" data-element_type=\"widget\" data-widget_type=\"image.default\">\n\t\t\t\t<div class=\"elementor-widget-container\">\n\t\t\t\t\t\t\t<div class=\"elementor-image\">\n\t\t\t\t\t\t\t\t\t\t\t\t\t\t\t\t\t\t\t\t\t<img decoding=\"async\" src=\"https:\/\/www.cabritawines.com\/cms\/wp-content\/uploads\/elementor\/thumbs\/Harmonizac\u0327a\u0303o-Icon-q4bmqmd1h975qq59bfobm6l3oj4qy88stf33v3p2s8.png\" title=\"Harmonizac\u0327a\u0303o Icon\" alt=\"Harmonizac\u0327a\u0303o Icon\" loading=\"lazy\" \/>\t\t\t\t\t\t\t\t\t\t\t\t\t\t\t\t\t\t\t\t\t\t\t\t<\/div>\n\t\t\t\t\t\t<\/div>\n\t\t\t\t<\/div>\n\t\t\t\t<div class=\"elementor-element elementor-element-b9c2469 elementor-widget elementor-widget-text-editor\" data-id=\"b9c2469\" data-element_type=\"widget\" data-widget_type=\"text-editor.default\">\n\t\t\t\t<div class=\"elementor-widget-container\">\n\t\t\t\t\t\t\t<p><strong>Harmoniza\u00e7\u00e3o<\/strong><br \/>Carnes vermelhas, pratos condimentados e queijos<\/p>\t\t\t\t\t\t<\/div>\n\t\t\t\t<\/div>\n\t\t\t\t\t<\/div>\n\t\t<\/div>\n\t\t\t\t<div class=\"elementor-column elementor-col-33 elementor-top-column elementor-element elementor-element-8df7c73\" data-id=\"8df7c73\" data-element_type=\"column\">\n\t\t\t<div class=\"elementor-widget-wrap elementor-element-populated\">\n\t\t\t\t\t\t\t\t<div class=\"elementor-element elementor-element-2c3edad elementor-widget elementor-widget-image\" data-id=\"2c3edad\" data-element_type=\"widget\" data-widget_type=\"image.default\">\n\t\t\t\t<div class=\"elementor-widget-container\">\n\t\t\t\t\t\t\t<div class=\"elementor-image\">\n\t\t\t\t\t\t\t\t\t\t\t\t\t\t\t\t\t\t\t\t\t<img decoding=\"async\" src=\"https:\/\/www.cabritawines.com\/cms\/wp-content\/uploads\/elementor\/thumbs\/Temperatura-Icon-q4bmqo8pqje59szl069pe9t6syaqn1bt5uhcet82c8.png\" title=\"Temperatura Icon\" alt=\"Temperatura Icon\" loading=\"lazy\" \/>\t\t\t\t\t\t\t\t\t\t\t\t\t\t\t\t\t\t\t\t\t\t\t\t<\/div>\n\t\t\t\t\t\t<\/div>\n\t\t\t\t<\/div>\n\t\t\t\t<div class=\"elementor-element elementor-element-1b66188 elementor-widget elementor-widget-text-editor\" data-id=\"1b66188\" data-element_type=\"widget\" data-widget_type=\"text-editor.default\">\n\t\t\t\t<div class=\"elementor-widget-container\">\n\t\t\t\t\t\t\t<p><strong>Temperatura<\/strong><br \/>Servir a 16\u00b0C<\/p>\t\t\t\t\t\t<\/div>\n\t\t\t\t<\/div>\n\t\t\t\t\t<\/div>\n\t\t<\/div>\n\t\t\t\t\t\t\t<\/div>\n\t\t<\/section>\n\t\t\t\t\t\t\t<\/div>\n\t\t","protected":false},"excerpt":{"rendered":"<p>Com um aroma elegante e frutado, notas bals\u00e2micas e de especiarias, Cabrita Tinto apresenta na boca um bom volume com uma acidez e taninos bem moldados. \u00c9 um vinho ideal para acompanhar carnes vermelhas, pratos condimentados e queijos. Servir a 16\u00b0C.<\/p>\n","protected":false},"featured_media":990548,"template":"","meta":[],"product_cat":[64],"product_tag":[],"class_list":["post-990608","product","type-product","status-publish","has-post-thumbnail","hentry","product_cat-os-nosso-vinhos"],"_links":{"self":[{"href":"https:\/\/www.cabritawines.com\/pt-pt\/wp-json\/wp\/v3\/product\/990608","targetHints":{"allow":["GET"]}}],"collection":[{"href":"https:\/\/www.cabritawines.com\/pt-pt\/wp-json\/wp\/v3\/product"}],"about":[{"href":"https:\/\/www.cabritawines.com\/pt-pt\/wp-json\/wp\/v2\/types\/product"}],"version-history":[{"count":6,"href":"https:\/\/www.cabritawines.com\/pt-pt\/wp-json\/wp\/v3\/product\/990608\/revisions"}],"predecessor-version":[{"id":991110,"href":"https:\/\/www.cabritawines.com\/pt-pt\/wp-json\/wp\/v3\/product\/990608\/revisions\/991110"}],"wp:featuredmedia":[{"embeddable":true,"href":"https:\/\/www.cabritawines.com\/pt-pt\/wp-json\/wp\/v2\/media\/990548"}],"wp:attachment":[{"href":"https:\/\/www.cabritawines.com\/pt-pt\/wp-json\/wp\/v2\/media?parent=990608"}],"wp:term":[{"taxonomy":"product_cat","embeddable":true,"href":"https:\/\/www.cabritawines.com\/pt-pt\/wp-json\/wp\/v2\/product_cat?post=990608"},{"taxonomy":"product_tag","embeddable":true,"href":"https:\/\/www.cabritawines.com\/pt-pt\/wp-json\/wp\/v2\/product_tag?post=990608"}],"curies":[{"name":"wp","href":"https:\/\/api.w.org\/{rel}","templated":true}]}}