{"id":990613,"date":"2020-08-11T14:03:46","date_gmt":"2020-08-11T14:03:46","guid":{"rendered":"https:\/\/www.cabritawines.com\/product\/sparkling-white-wine\/"},"modified":"2023-05-15T16:20:43","modified_gmt":"2023-05-15T16:20:43","slug":"cabrita-espumante-blanc-de-noir","status":"publish","type":"product","link":"https:\/\/www.cabritawines.com\/pt-pt\/produto\/cabrita-espumante-blanc-de-noir\/","title":{"rendered":"Cabrita Espumante Blanc de Noir"},"content":{"rendered":"\t\t<div data-elementor-type=\"product-post\" data-elementor-id=\"990613\" class=\"elementor elementor-990613 elementor-6571\">\n\t\t\t\t\t\t\t\t\t<section class=\"elementor-section elementor-top-section elementor-element elementor-element-36529314 elementor-section-boxed elementor-section-height-default elementor-section-height-default\" data-id=\"36529314\" data-element_type=\"section\">\n\t\t\t\t\t\t<div class=\"elementor-container elementor-column-gap-default\">\n\t\t\t\t\t<div class=\"elementor-column elementor-col-100 elementor-top-column elementor-element elementor-element-22d415b5\" data-id=\"22d415b5\" data-element_type=\"column\">\n\t\t\t<div class=\"elementor-widget-wrap elementor-element-populated\">\n\t\t\t\t\t\t\t\t<div class=\"elementor-element elementor-element-38556e1b elementor-widget elementor-widget-text-editor\" data-id=\"38556e1b\" data-element_type=\"widget\" data-widget_type=\"text-editor.default\">\n\t\t\t\t<div class=\"elementor-widget-container\">\n\t\t\t\t\t\t\t<p>Poupe nos custos de envio solicitando at\u00e9 seis produtos de uma s\u00f3 vez. Para compras superiores a 24 garrafas, de qualquer um dos nossos vinhos, por favor contacte-nos atrav\u00e9s do email <a href=\"mailto:reservas@cabritawines.com\">reservas@cabritawines.com<\/a>.<\/p>\t\t\t\t\t\t<\/div>\n\t\t\t\t<\/div>\n\t\t\t\t\t<\/div>\n\t\t<\/div>\n\t\t\t\t\t\t\t<\/div>\n\t\t<\/section>\n\t\t\t\t<section class=\"elementor-section elementor-top-section elementor-element elementor-element-4cb566ea elementor-section-boxed elementor-section-height-default elementor-section-height-default\" data-id=\"4cb566ea\" data-element_type=\"section\">\n\t\t\t\t\t\t<div class=\"elementor-container elementor-column-gap-default\">\n\t\t\t\t\t<div class=\"elementor-column elementor-col-100 elementor-top-column elementor-element elementor-element-4c3ad1\" data-id=\"4c3ad1\" data-element_type=\"column\">\n\t\t\t<div class=\"elementor-widget-wrap elementor-element-populated\">\n\t\t\t\t\t\t\t\t<div class=\"elementor-element elementor-element-7f3bd864 elementor-widget-divider--view-line elementor-widget elementor-widget-divider\" data-id=\"7f3bd864\" data-element_type=\"widget\" data-widget_type=\"divider.default\">\n\t\t\t\t<div class=\"elementor-widget-container\">\n\t\t\t\t\t<div class=\"elementor-divider\">\n\t\t\t<span class=\"elementor-divider-separator\">\n\t\t\t\t\t\t<\/span>\n\t\t<\/div>\n\t\t\t\t<\/div>\n\t\t\t\t<\/div>\n\t\t\t\t\t<\/div>\n\t\t<\/div>\n\t\t\t\t\t\t\t<\/div>\n\t\t<\/section>\n\t\t\t\t<section class=\"elementor-section elementor-top-section elementor-element elementor-element-6f7b8a3a elementor-section-boxed elementor-section-height-default elementor-section-height-default\" data-id=\"6f7b8a3a\" data-element_type=\"section\">\n\t\t\t\t\t\t<div class=\"elementor-container elementor-column-gap-default\">\n\t\t\t\t\t<div class=\"elementor-column elementor-col-33 elementor-top-column elementor-element elementor-element-23f8e349\" data-id=\"23f8e349\" data-element_type=\"column\">\n\t\t\t<div class=\"elementor-widget-wrap elementor-element-populated\">\n\t\t\t\t\t\t\t\t<div class=\"elementor-element elementor-element-256c79ac elementor-widget elementor-widget-image\" data-id=\"256c79ac\" data-element_type=\"widget\" data-widget_type=\"image.default\">\n\t\t\t\t<div class=\"elementor-widget-container\">\n\t\t\t\t\t\t\t<div class=\"elementor-image\">\n\t\t\t\t\t\t\t\t\t\t\t\t\t\t\t\t\t\t\t\t\t<img decoding=\"async\" src=\"https:\/\/www.cabritawines.com\/cms\/wp-content\/uploads\/elementor\/thumbs\/Castas-Icon-q4blx5590wyuitvsfwqnk82uy5ultd3e3on6mv0btk.png\" title=\"Castas Icon\" alt=\"Castas Icon\" loading=\"lazy\" \/>\t\t\t\t\t\t\t\t\t\t\t\t\t\t\t\t\t\t\t\t\t\t\t\t<\/div>\n\t\t\t\t\t\t<\/div>\n\t\t\t\t<\/div>\n\t\t\t\t<div class=\"elementor-element elementor-element-57efe810 elementor-widget elementor-widget-text-editor\" data-id=\"57efe810\" data-element_type=\"widget\" data-widget_type=\"text-editor.default\">\n\t\t\t\t<div class=\"elementor-widget-container\">\n\t\t\t\t\t\t\t<p><strong>Castas<\/strong><br \/>Negra Mole<\/p>\t\t\t\t\t\t<\/div>\n\t\t\t\t<\/div>\n\t\t\t\t\t<\/div>\n\t\t<\/div>\n\t\t\t\t<div class=\"elementor-column elementor-col-33 elementor-top-column elementor-element elementor-element-44be5dd5\" data-id=\"44be5dd5\" data-element_type=\"column\">\n\t\t\t<div class=\"elementor-widget-wrap elementor-element-populated\">\n\t\t\t\t\t\t\t\t<div class=\"elementor-element elementor-element-19bd936b elementor-widget elementor-widget-image\" data-id=\"19bd936b\" data-element_type=\"widget\" data-widget_type=\"image.default\">\n\t\t\t\t<div class=\"elementor-widget-container\">\n\t\t\t\t\t\t\t<div class=\"elementor-image\">\n\t\t\t\t\t\t\t\t\t\t\t\t\t\t\t\t\t\t\t\t\t<img decoding=\"async\" src=\"https:\/\/www.cabritawines.com\/cms\/wp-content\/uploads\/elementor\/thumbs\/Harmonizac\u0327a\u0303o-Icon-q4bmqmd1h975qq59bfobm6l3oj4qy88stf33v3p2s8.png\" title=\"Harmonizac\u0327a\u0303o Icon\" alt=\"Harmonizac\u0327a\u0303o Icon\" loading=\"lazy\" \/>\t\t\t\t\t\t\t\t\t\t\t\t\t\t\t\t\t\t\t\t\t\t\t\t<\/div>\n\t\t\t\t\t\t<\/div>\n\t\t\t\t<\/div>\n\t\t\t\t<div class=\"elementor-element elementor-element-7e7d7290 elementor-widget elementor-widget-text-editor\" data-id=\"7e7d7290\" data-element_type=\"widget\" data-widget_type=\"text-editor.default\">\n\t\t\t\t<div class=\"elementor-widget-container\">\n\t\t\t\t\t\t\t<p><strong>Harmoniza\u00e7\u00e3o<\/strong><br \/>Canap\u00e9s frios e outros aperitivos, mariscos e peixes grelhados<\/p>\t\t\t\t\t\t<\/div>\n\t\t\t\t<\/div>\n\t\t\t\t\t<\/div>\n\t\t<\/div>\n\t\t\t\t<div class=\"elementor-column elementor-col-33 elementor-top-column elementor-element elementor-element-2662b581\" data-id=\"2662b581\" data-element_type=\"column\">\n\t\t\t<div class=\"elementor-widget-wrap elementor-element-populated\">\n\t\t\t\t\t\t\t\t<div class=\"elementor-element elementor-element-1ff31cbd elementor-widget elementor-widget-image\" data-id=\"1ff31cbd\" data-element_type=\"widget\" data-widget_type=\"image.default\">\n\t\t\t\t<div class=\"elementor-widget-container\">\n\t\t\t\t\t\t\t<div class=\"elementor-image\">\n\t\t\t\t\t\t\t\t\t\t\t\t\t\t\t\t\t\t\t\t\t<img decoding=\"async\" src=\"https:\/\/www.cabritawines.com\/cms\/wp-content\/uploads\/elementor\/thumbs\/Temperatura-Icon-q4bmqo8pqje59szl069pe9t6syaqn1bt5uhcet82c8.png\" title=\"Temperatura Icon\" alt=\"Temperatura Icon\" loading=\"lazy\" \/>\t\t\t\t\t\t\t\t\t\t\t\t\t\t\t\t\t\t\t\t\t\t\t\t<\/div>\n\t\t\t\t\t\t<\/div>\n\t\t\t\t<\/div>\n\t\t\t\t<div class=\"elementor-element elementor-element-26849678 elementor-widget elementor-widget-text-editor\" data-id=\"26849678\" data-element_type=\"widget\" data-widget_type=\"text-editor.default\">\n\t\t\t\t<div class=\"elementor-widget-container\">\n\t\t\t\t\t\t\t<p><strong>Temperatura<\/strong><br \/>Servir entre 6 e 8\u00b0C<\/p>\t\t\t\t\t\t<\/div>\n\t\t\t\t<\/div>\n\t\t\t\t\t<\/div>\n\t\t<\/div>\n\t\t\t\t\t\t\t<\/div>\n\t\t<\/section>\n\t\t\t\t\t\t\t<\/div>\n\t\t","protected":false},"excerpt":{"rendered":"<p>Vinho produzido em 2016, envelhecido em inox e barricas velhas at\u00e9 ser engarrafado em 2018. As leveduras permaneceram na garrafa at\u00e9 2020, altura em que foi efetuado o d\u00e9gorgement. Lan\u00e7ado no mercado em dezembro de 2022.<\/p>\n","protected":false},"featured_media":990549,"template":"","meta":[],"product_cat":[64],"product_tag":[],"class_list":["post-990613","product","type-product","status-publish","has-post-thumbnail","hentry","product_cat-os-nosso-vinhos"],"_links":{"self":[{"href":"https:\/\/www.cabritawines.com\/pt-pt\/wp-json\/wp\/v3\/product\/990613","targetHints":{"allow":["GET"]}}],"collection":[{"href":"https:\/\/www.cabritawines.com\/pt-pt\/wp-json\/wp\/v3\/product"}],"about":[{"href":"https:\/\/www.cabritawines.com\/pt-pt\/wp-json\/wp\/v2\/types\/product"}],"version-history":[{"count":6,"href":"https:\/\/www.cabritawines.com\/pt-pt\/wp-json\/wp\/v3\/product\/990613\/revisions"}],"predecessor-version":[{"id":991115,"href":"https:\/\/www.cabritawines.com\/pt-pt\/wp-json\/wp\/v3\/product\/990613\/revisions\/991115"}],"wp:featuredmedia":[{"embeddable":true,"href":"https:\/\/www.cabritawines.com\/pt-pt\/wp-json\/wp\/v2\/media\/990549"}],"wp:attachment":[{"href":"https:\/\/www.cabritawines.com\/pt-pt\/wp-json\/wp\/v2\/media?parent=990613"}],"wp:term":[{"taxonomy":"product_cat","embeddable":true,"href":"https:\/\/www.cabritawines.com\/pt-pt\/wp-json\/wp\/v2\/product_cat?post=990613"},{"taxonomy":"product_tag","embeddable":true,"href":"https:\/\/www.cabritawines.com\/pt-pt\/wp-json\/wp\/v2\/product_tag?post=990613"}],"curies":[{"name":"wp","href":"https:\/\/api.w.org\/{rel}","templated":true}]}}