{"id":991281,"date":"2023-11-07T11:57:34","date_gmt":"2023-11-07T11:57:34","guid":{"rendered":"https:\/\/www.cabritawines.com\/?post_type=product&#038;p=991281"},"modified":"2023-11-07T12:07:29","modified_gmt":"2023-11-07T12:07:29","slug":"cabrita-goat","status":"publish","type":"product","link":"https:\/\/www.cabritawines.com\/pt-pt\/produto\/cabrita-goat\/","title":{"rendered":"Cabrita GOAT"},"content":{"rendered":"\t\t<div data-elementor-type=\"product-post\" data-elementor-id=\"991281\" class=\"elementor elementor-991281 elementor-991280\">\n\t\t\t\t\t\t\t\t\t<section class=\"elementor-section elementor-top-section elementor-element elementor-element-992cea6 elementor-section-boxed elementor-section-height-default elementor-section-height-default\" data-id=\"992cea6\" data-element_type=\"section\">\n\t\t\t\t\t\t<div class=\"elementor-container elementor-column-gap-default\">\n\t\t\t\t\t<div class=\"elementor-column elementor-col-100 elementor-top-column elementor-element elementor-element-3873bb44\" data-id=\"3873bb44\" data-element_type=\"column\">\n\t\t\t<div class=\"elementor-widget-wrap elementor-element-populated\">\n\t\t\t\t\t\t\t\t<div class=\"elementor-element elementor-element-43e89903 elementor-widget elementor-widget-text-editor\" data-id=\"43e89903\" data-element_type=\"widget\" data-widget_type=\"text-editor.default\">\n\t\t\t\t<div class=\"elementor-widget-container\">\n\t\t\t\t\t\t\t<p>Poupe nos custos de envio solicitando at\u00e9 seis produtos de uma s\u00f3 vez. Para compras superiores a 24 garrafas, de qualquer um dos nossos vinhos, por favor contacte-nos atrav\u00e9s do email <a href=\"mailto:reservas@cabritawines.com\">reservas@cabritawines.com<\/a>.<\/p>\t\t\t\t\t\t<\/div>\n\t\t\t\t<\/div>\n\t\t\t\t\t<\/div>\n\t\t<\/div>\n\t\t\t\t\t\t\t<\/div>\n\t\t<\/section>\n\t\t\t\t<section class=\"elementor-section elementor-top-section elementor-element elementor-element-6e1deea6 elementor-section-boxed elementor-section-height-default elementor-section-height-default\" data-id=\"6e1deea6\" data-element_type=\"section\">\n\t\t\t\t\t\t<div class=\"elementor-container elementor-column-gap-default\">\n\t\t\t\t\t<div class=\"elementor-column elementor-col-100 elementor-top-column elementor-element elementor-element-7b5f4fce\" data-id=\"7b5f4fce\" data-element_type=\"column\">\n\t\t\t<div class=\"elementor-widget-wrap elementor-element-populated\">\n\t\t\t\t\t\t\t\t<div class=\"elementor-element elementor-element-385dbdfa elementor-widget-divider--view-line elementor-widget elementor-widget-divider\" data-id=\"385dbdfa\" data-element_type=\"widget\" data-widget_type=\"divider.default\">\n\t\t\t\t<div class=\"elementor-widget-container\">\n\t\t\t\t\t<div class=\"elementor-divider\">\n\t\t\t<span class=\"elementor-divider-separator\">\n\t\t\t\t\t\t<\/span>\n\t\t<\/div>\n\t\t\t\t<\/div>\n\t\t\t\t<\/div>\n\t\t\t\t\t<\/div>\n\t\t<\/div>\n\t\t\t\t\t\t\t<\/div>\n\t\t<\/section>\n\t\t\t\t<section class=\"elementor-section elementor-top-section elementor-element elementor-element-72bd87b0 elementor-section-boxed elementor-section-height-default elementor-section-height-default\" data-id=\"72bd87b0\" data-element_type=\"section\">\n\t\t\t\t\t\t<div class=\"elementor-container elementor-column-gap-default\">\n\t\t\t\t\t<div class=\"elementor-column elementor-col-33 elementor-top-column elementor-element elementor-element-1faaaf5f\" data-id=\"1faaaf5f\" data-element_type=\"column\">\n\t\t\t<div class=\"elementor-widget-wrap elementor-element-populated\">\n\t\t\t\t\t\t\t\t<div class=\"elementor-element elementor-element-4f21a991 elementor-widget elementor-widget-image\" data-id=\"4f21a991\" data-element_type=\"widget\" data-widget_type=\"image.default\">\n\t\t\t\t<div class=\"elementor-widget-container\">\n\t\t\t\t\t\t\t<div class=\"elementor-image\">\n\t\t\t\t\t\t\t\t\t\t\t\t\t\t\t\t\t\t\t\t\t<img decoding=\"async\" src=\"https:\/\/www.cabritawines.com\/cms\/wp-content\/uploads\/elementor\/thumbs\/Castas-Icon-q4blx5590wyuitvsfwqnk82uy5ultd3e3on6mv0btk.png\" title=\"Castas Icon\" alt=\"Castas Icon\" loading=\"lazy\" \/>\t\t\t\t\t\t\t\t\t\t\t\t\t\t\t\t\t\t\t\t\t\t\t\t<\/div>\n\t\t\t\t\t\t<\/div>\n\t\t\t\t<\/div>\n\t\t\t\t<div class=\"elementor-element elementor-element-29583dd7 elementor-widget elementor-widget-text-editor\" data-id=\"29583dd7\" data-element_type=\"widget\" data-widget_type=\"text-editor.default\">\n\t\t\t\t<div class=\"elementor-widget-container\">\n\t\t\t\t\t\t\t<p><strong>Castas<\/strong><br \/>Arinto e Encruzado<\/p>\t\t\t\t\t\t<\/div>\n\t\t\t\t<\/div>\n\t\t\t\t\t<\/div>\n\t\t<\/div>\n\t\t\t\t<div class=\"elementor-column elementor-col-33 elementor-top-column elementor-element elementor-element-32e04a74\" data-id=\"32e04a74\" data-element_type=\"column\">\n\t\t\t<div class=\"elementor-widget-wrap elementor-element-populated\">\n\t\t\t\t\t\t\t\t<div class=\"elementor-element elementor-element-96d5b58 elementor-widget elementor-widget-image\" data-id=\"96d5b58\" data-element_type=\"widget\" data-widget_type=\"image.default\">\n\t\t\t\t<div class=\"elementor-widget-container\">\n\t\t\t\t\t\t\t<div class=\"elementor-image\">\n\t\t\t\t\t\t\t\t\t\t\t\t\t\t\t\t\t\t\t\t\t<img decoding=\"async\" src=\"https:\/\/www.cabritawines.com\/cms\/wp-content\/uploads\/elementor\/thumbs\/Harmonizac\u0327a\u0303o-Icon-q4bmqmd1h975qq59bfobm6l3oj4qy88stf33v3p2s8.png\" title=\"Harmonizac\u0327a\u0303o Icon\" alt=\"Harmonizac\u0327a\u0303o Icon\" loading=\"lazy\" \/>\t\t\t\t\t\t\t\t\t\t\t\t\t\t\t\t\t\t\t\t\t\t\t\t<\/div>\n\t\t\t\t\t\t<\/div>\n\t\t\t\t<\/div>\n\t\t\t\t<div class=\"elementor-element elementor-element-22e20520 elementor-widget elementor-widget-text-editor\" data-id=\"22e20520\" data-element_type=\"widget\" data-widget_type=\"text-editor.default\">\n\t\t\t\t<div class=\"elementor-widget-container\">\n\t\t\t\t\t\t\t<p><strong>Harmoniza\u00e7\u00e3o<\/strong><br \/>Carne de aves, peixes gordos grelhados e queijos envelhecidos<\/p>\t\t\t\t\t\t<\/div>\n\t\t\t\t<\/div>\n\t\t\t\t\t<\/div>\n\t\t<\/div>\n\t\t\t\t<div class=\"elementor-column elementor-col-33 elementor-top-column elementor-element elementor-element-5447df2a\" data-id=\"5447df2a\" data-element_type=\"column\">\n\t\t\t<div class=\"elementor-widget-wrap elementor-element-populated\">\n\t\t\t\t\t\t\t\t<div class=\"elementor-element elementor-element-b5ce765 elementor-widget elementor-widget-image\" data-id=\"b5ce765\" data-element_type=\"widget\" data-widget_type=\"image.default\">\n\t\t\t\t<div class=\"elementor-widget-container\">\n\t\t\t\t\t\t\t<div class=\"elementor-image\">\n\t\t\t\t\t\t\t\t\t\t\t\t\t\t\t\t\t\t\t\t\t<img decoding=\"async\" src=\"https:\/\/www.cabritawines.com\/cms\/wp-content\/uploads\/elementor\/thumbs\/Temperatura-Icon-q4bmqo8pqje59szl069pe9t6syaqn1bt5uhcet82c8.png\" title=\"Temperatura Icon\" alt=\"Temperatura Icon\" loading=\"lazy\" \/>\t\t\t\t\t\t\t\t\t\t\t\t\t\t\t\t\t\t\t\t\t\t\t\t<\/div>\n\t\t\t\t\t\t<\/div>\n\t\t\t\t<\/div>\n\t\t\t\t<div class=\"elementor-element elementor-element-2506570 elementor-widget elementor-widget-text-editor\" data-id=\"2506570\" data-element_type=\"widget\" data-widget_type=\"text-editor.default\">\n\t\t\t\t<div class=\"elementor-widget-container\">\n\t\t\t\t\t\t\t<p><strong>Temperatura<\/strong><br \/>Servir entre 8 e 10\u00b0C<\/p>\t\t\t\t\t\t<\/div>\n\t\t\t\t<\/div>\n\t\t\t\t\t<\/div>\n\t\t<\/div>\n\t\t\t\t\t\t\t<\/div>\n\t\t<\/section>\n\t\t\t\t\t\t\t<\/div>\n\t\t","protected":false},"excerpt":{"rendered":"<p>Um Vinho Laranja \u00e9 algo pouco comum e para n\u00f3s muito desafiante de fazer. \u00c9 um vinho branco que \u00e9 elaborado da mesma forma que um tinto, com contacto do sumo com as pel\u00edculas e os enga\u00e7os. Vinho de descoberta, de prazer e disruptivo. As castas usadas para este vinho t\u00e3o especial foram o Arinto e o Encruzado.<\/p>\n","protected":false},"featured_media":991272,"template":"","meta":[],"product_cat":[64],"product_tag":[],"class_list":["post-991281","product","type-product","status-publish","has-post-thumbnail","hentry","product_cat-os-nosso-vinhos"],"_links":{"self":[{"href":"https:\/\/www.cabritawines.com\/pt-pt\/wp-json\/wp\/v3\/product\/991281","targetHints":{"allow":["GET"]}}],"collection":[{"href":"https:\/\/www.cabritawines.com\/pt-pt\/wp-json\/wp\/v3\/product"}],"about":[{"href":"https:\/\/www.cabritawines.com\/pt-pt\/wp-json\/wp\/v2\/types\/product"}],"version-history":[{"count":5,"href":"https:\/\/www.cabritawines.com\/pt-pt\/wp-json\/wp\/v3\/product\/991281\/revisions"}],"predecessor-version":[{"id":991297,"href":"https:\/\/www.cabritawines.com\/pt-pt\/wp-json\/wp\/v3\/product\/991281\/revisions\/991297"}],"wp:featuredmedia":[{"embeddable":true,"href":"https:\/\/www.cabritawines.com\/pt-pt\/wp-json\/wp\/v2\/media\/991272"}],"wp:attachment":[{"href":"https:\/\/www.cabritawines.com\/pt-pt\/wp-json\/wp\/v2\/media?parent=991281"}],"wp:term":[{"taxonomy":"product_cat","embeddable":true,"href":"https:\/\/www.cabritawines.com\/pt-pt\/wp-json\/wp\/v2\/product_cat?post=991281"},{"taxonomy":"product_tag","embeddable":true,"href":"https:\/\/www.cabritawines.com\/pt-pt\/wp-json\/wp\/v2\/product_tag?post=991281"}],"curies":[{"name":"wp","href":"https:\/\/api.w.org\/{rel}","templated":true}]}}